{"id":28475,"date":"2022-10-30T20:12:50","date_gmt":"2022-10-30T19:12:50","guid":{"rendered":"https:\/\/iicolumnas.es\/?page_id=28475"},"modified":"2025-01-29T16:30:28","modified_gmt":"2025-01-29T15:30:28","slug":"reservas-pabellon-pequeno","status":"publish","type":"page","link":"https:\/\/iicolumnas.es\/index.php\/reservas-pabellon-pequeno\/","title":{"rendered":"Reservas pabell\u00f3n peque\u00f1o"},"content":{"rendered":"<h1>Reservas para la <span style=\"color: #36cccc;\">pabell\u00f3n peque\u00f1o<\/span>\u00a0de Cantalpino<\/h1>\n <div id=\"form_id1112049359802\" class=\"wpdevelop\"><form  id=\"booking_form6\"   class=\"booking_form vertical\" method=\"post\" action=\"\"><div id=\"ajax_respond_insert6\" class=\"ajax_respond_insert\" style=\"display:none;\"><\/div><a name=\"bklnk6\" id=\"bklnk6\"><\/a><div id=\"booking_form_div6\" class=\"booking_form_div\"><div class=\"wpbc_booking_form_structure wpbc_vertical\">\r\n  <div class=\"wpbc_structure_calendar\">\r\n    <div class=\"wpbc_change_over_triangle\"><div class=\"bk_calendar_frame months_num_in_row_ cal_month_num_2 wpbc_timeslot_day_bg_as_available\" style=\"width:568px;\"><div id=\"calendar_booking6\">Cargando Calendario...<\/div><\/div><textarea id=\"date_booking6\" name=\"date_booking6\" autocomplete=\"off\" style=\"display:none;\"><\/textarea><div class=\"block_hints datepick\"><div class=\"wpdev_hint_with_text\"><div class=\"block_free datepick-days-cell\"><a>&nbsp;<\/a><\/div><div class=\"block_text\">- Disponible<\/div><\/div><div class=\"wpdev_hint_with_text\"><div class=\"block_pending date2approve\">&nbsp;<\/div><div class=\"block_text\">- No Disponible<\/div><\/div><\/div><div class=\"wpdev_clear_hint\"><\/div><\/div>\r\n  <\/div>\r\n  <div class=\"wpbc_structure_form\">\r\n     <p>Seleccione la hora*:<br \/><span class=\"wpdev-form-control-wrap rangetime6\"><select onchange=\"javascript:if(typeof( showCostHintInsideBkForm ) == 'function') {  showCostHintInsideBkForm(6);}\" name=\"rangetime6\" class=\"wpdev-validates-as-required\"><option value=\"09:00 - 10:30\">9:00 AM - 10:30 AM<\/option><option value=\"10:30 - 12:00\">10:30 AM - 12:00 PM<\/option><option value=\"12:00 - 13:30\">12:00 PM - 13:30 PM<\/option><option value=\"13:30 - 15:00\">13:30 PM - 15:00 PM<\/option><option value=\"15:00 - 16:30\">15:00 PM - 16:30 PM<\/option><option value=\"16:30 - 18:00\">16:30 PM - 18:00 PM<\/option><option value=\"18:00 - 19:30\">18:00 PM - 19:30 PM<\/option><option value=\"19:30 - 21:00\">19:30 PM- 21:00 PM<\/option><option value=\"21:00 - 22:30\">21:00 PM- 22:30 PM HORARIO NOCTURNO<\/option><option value=\"22:30 - 23:57\">22:30 PM- 00:00 AM HORARIO NOCTURNO<\/option><option value=\"23:58 - 23:59\">00:00 AM- 01:30 AM HORARIO NOCTURNO<\/option><\/select><\/span><\/p>\r\n     <p>Nombre*:<br \/><span class=\"wpdev-form-control-wrap name6\"><input type=\"text\" name=\"name6\" value=\"\" class=\"wpdev-validates-as-required\" size=\"40\" \/><\/span><\/p>\r\n     <p>Apellido*:<br \/><span class=\"wpdev-form-control-wrap secondname6\"><input type=\"text\" name=\"secondname6\" value=\"\" class=\"wpdev-validates-as-required\" size=\"40\" \/><\/span><\/p>\r\n     <p>Correo Electr\u00f3nico (donde te llegar\u00e1 una confirmaci\u00f3n de la cita)*:<br \/><span class=\"wpdev-form-control-wrap email6\"><input type=\"text\" name=\"email6\" value=\"\" class=\"wpdev-validates-as-email wpdev-validates-as-required\" size=\"40\" \/><\/span><\/p>\r\n     <p>Comentarios:<br \/><span class=\"wpdev-form-control-wrap details6\"><textarea name=\"details6\" cols=\"40\" rows=\"10\"><\/textarea><\/span><\/p>\r\n     <p><input  autocomplete=\"off\" type=\"hidden\" name=\"wpdev_captcha_challenge_6\"  id=\"wpdev_captcha_challenge_6\" value=\"2056522085\" \/><input  autocomplete=\"off\" type=\"text\" class=\"captachinput\" value=\"\" name=\"captcha_input6\" id=\"captcha_input6\" \/><img decoding=\"async\" class=\"captcha_img\"  id=\"captcha_img6\" alt=\"captcha\" src=\"https:\/\/iicolumnas.es\/wp-content\/plugins\/booking.personal.9.1.1\/js\/captcha\/tmp\/2056522085.png\" \/><span id=\"captcha_msg6\" class=\"wpdev-help-message\" ><\/span><\/p>\r\n     <p><input type=\"button\" value=\"Enviar\" class=\"btn\" onclick=\"mybooking_submit(this.form,6, 'es_ES' );\" \/><img decoding=\"async\" class=\"ajax-loader\"  style=\"vertical-align:middle;box-shadow:none;width:14px;visibility: hidden;\" alt=\"ajax loader\" src=\"https:\/\/iicolumnas.es\/wp-content\/plugins\/booking.personal.9.1.1\/assets\/img\/ajax-loader.gif\" \/><\/p>\r\n  <\/div>\r\n<\/div>\r\n<div class=\"wpbc_booking_form_footer\"><\/div><input id=\"bk_type6\" name=\"bk_type6\" class=\"\" type=\"hidden\" value=\"6\" \/><\/div><div id=\"submiting6\"><\/div><div class=\"form_bk_messages\" id=\"form_bk_messages6\" ><\/div><input type=\"hidden\" id=\"wpbc_nonce6\" name=\"wpbc_nonce6\" value=\"ea8daf0d6b\" \/><input type=\"hidden\" name=\"_wp_http_referer\" value=\"\/index.php\/wp-json\/wp\/v2\/pages\/28475\" \/><input type=\"hidden\" id=\"wpbc_nonceCALCULATE_THE_COST6\" name=\"wpbc_nonceCALCULATE_THE_COST6\" value=\"921111707f\" \/><input type=\"hidden\" name=\"_wp_http_referer\" value=\"\/index.php\/wp-json\/wp\/v2\/pages\/28475\" \/><\/form><\/div><div id=\"booking_form_garbage6\" class=\"booking_form_garbage\"><\/div><script type=\"text\/javascript\">\n                                jQuery(document).ready( function(){\n                                    jQuery(\".widget_wpdev_booking .booking_form.form-horizontal\").removeClass(\"form-horizontal\");\n                                    var visible_booking_id_on_page_num = visible_booking_id_on_page.length;\n                                    if (visible_booking_id_on_page_num !== null ) {\n                                        for (var i=0;i< visible_booking_id_on_page_num ;i++){\n                                          if ( visible_booking_id_on_page[i]==\"booking_form_div6\" ) {\n                                              document.getElementById(\"form_id1112049359802\").innerHTML = \"<span style='color:#A00;font-size:10px;'>Advertencia! calendario de reserva para este recurso est\u00e1 adem\u00e1s en la p\u00e1gina, compruebe m\u00e1s acerca de este problema en esta p\u00e1gina: https:\/\/wpbookingcalendar.com\/faq\/why-the-booking-calendar-widget-not-show-on-page\/<\/span>\";                                                                                                  \n                                              jQuery(\"#form_id1112049359802\").animate( {opacity: 1}, 10000 ).fadeOut(5000);\n                                              return;\n                                          }\n                                        }\n                                        visible_booking_id_on_page[ visible_booking_id_on_page_num ]=\"booking_form_div6\";\n                                    }\n                                });\n                            <\/script> <script type='text\/javascript'>  jQuery(document).ready( function(){  date_admin_blank[6] = [];  date2approve[6] = [];  var date_approved_par = [];  init_datepick_cal('6', date_approved_par, 2 , 1, false   );  }); <\/script>\n<p><em>*En caso de equivocaci\u00f3n, haga la reserva correcta indicando en los comentarios la reserva equivocada.<\/em><\/p>\n<p><script async src=\"https:\/\/pagead2.googlesyndication.com\/pagead\/js\/adsbygoogle.js?client=ca-pub-2735412987815860\"\n     crossorigin=\"anonymous\"><\/script><br \/>\n<!-- vert --><br \/>\n<ins class=\"adsbygoogle\"\n     style=\"display:block\"\n     data-ad-client=\"ca-pub-2735412987815860\"\n     data-ad-slot=\"7203587657\"\n     data-ad-format=\"auto\"\n     data-full-width-responsive=\"true\"><\/ins><br \/>\n<script>\n     (adsbygoogle = window.adsbygoogle || []).push({});\n<\/script><\/p>\n<h2>Normas de uso<\/h2>\n<ol>\n<li>El pabell\u00f3n permanecer\u00e1 cerrado. Ser\u00e1 necesario <strong>solicitar la llave en el <\/strong><strong>Bar Espa\u00f1a, previa reserva en la Web de Dos Columnas.<\/strong><\/li>\n<li>En caso de ser menor de edad, debes ir acompa\u00f1ado de una persona mayor de edad que se responsabilice del alquiler.<\/li>\n<li>El pago del alquiler se realizar\u00e1 cuando se entregan las llaves del pabell\u00f3n y estas deben ser entregadas una vez finalice el tiempo de la reserva.<\/li>\n<li>Tarifa por 1.5 H ser\u00e1 la siguiente:<br \/>\n\u2022 1\u20ac. Si eres vecino de Cantalpino.<br \/>\n\u2022 5\u20ac. Si eres de otro Municipio.<\/li>\n<li>Si se hace una reserva y no se acude, se cobrar\u00e1 la cuota en la siguiente reserva.<\/li>\n<li>Tiempo m\u00e1ximo que puede alquilar un grupo es de 1.5 H, salvo que la pista este disponible, y lo autorice la persona que entrega las llaves.<\/li>\n<li>El Ayuntamiento se reserva el derecho del uso de la instalaci\u00f3n para cualquier actividad que se vaya a realizar en ella, aunque est\u00e9 alquilado con anterioridad.<\/li>\n<li>Cualquier equipo (federado) que represente al pueblo, tendr\u00e1 el uso gratuito del mismo, tanto para la competici\u00f3n como para su entrenamiento.<br \/>\n(en este caso debe acordarlo con los representantes del Ayuntamiento).<\/li>\n<li>En el interior del pabell\u00f3n est\u00e1 terminantemente prohibido fumar.<\/li>\n<li>Est\u00e1 prohibido meter animales, bicicletas, patinetes, etc. en el mismo.<\/li>\n<li>Se responsabilizar\u00e1 de los desperfectos ocasionados por el mal uso de esta a las personas que hayan utilizado las instalaciones en el momento de producirse. Se recuerda que es una zona Video vigilada.<\/li>\n<li>Todas estas medidas y las tarifas pueden modificarse, para asegurar el mejor funcionamiento y mantenimiento del pabell\u00f3n.<\/li>\n<li><strong>Se ruega mantener limpio el entorno del pabell\u00f3n.<\/strong> Es un bien de todos y para todos, haced un uso responsable.<\/li>\n<\/ol>\n<p><img loading=\"lazy\" decoding=\"async\" class=\"size-full wp-image-23641 aligncenter\" src=\"https:\/\/iicolumnas.es\/wp-content\/uploads\/2020\/01\/ayuntamiento-de-cantalpino.jpg\" alt=\"\" width=\"550\" height=\"140\" srcset=\"https:\/\/iicolumnas.es\/wp-content\/uploads\/2020\/01\/ayuntamiento-de-cantalpino.jpg 550w, https:\/\/iicolumnas.es\/wp-content\/uploads\/2020\/01\/ayuntamiento-de-cantalpino-300x76.jpg 300w\" sizes=\"auto, (max-width: 550px) 100vw, 550px\" \/><\/p>\n","protected":false},"excerpt":{"rendered":"<p>Reservas para la pabell\u00f3n peque\u00f1o\u00a0de Cantalpino *En caso de equivocaci\u00f3n, haga la reserva correcta indicando en los comentarios la reserva equivocada. Normas de uso El pabell\u00f3n permanecer\u00e1 cerrado. Ser\u00e1 necesario solicitar la llave en&#46;&#46;&#46;<\/p>\n","protected":false},"author":20,"featured_media":0,"parent":0,"menu_order":0,"comment_status":"closed","ping_status":"closed","template":"","meta":{"footnotes":""},"class_list":["post-28475","page","type-page","status-publish","hentry"],"yoast_head":"<!-- This site is optimized with the Yoast SEO plugin v26.6 - https:\/\/yoast.com\/wordpress\/plugins\/seo\/ -->\n<title>Reservas pabell\u00f3n peque\u00f1o - Dos Columnas<\/title>\n<meta name=\"robots\" content=\"index, follow, max-snippet:-1, max-image-preview:large, max-video-preview:-1\" \/>\n<link rel=\"canonical\" href=\"https:\/\/iicolumnas.es\/index.php\/reservas-pabellon-pequeno\/\" \/>\n<meta property=\"og:locale\" content=\"es_ES\" \/>\n<meta property=\"og:type\" content=\"article\" \/>\n<meta property=\"og:title\" content=\"Reservas pabell\u00f3n peque\u00f1o - Dos Columnas\" \/>\n<meta property=\"og:description\" content=\"Reservas para la pabell\u00f3n peque\u00f1o\u00a0de Cantalpino *En caso de equivocaci\u00f3n, haga la reserva correcta indicando en los comentarios la reserva equivocada. Normas de uso El pabell\u00f3n permanecer\u00e1 cerrado. Ser\u00e1 necesario solicitar la llave en&#046;&#046;&#046;\" \/>\n<meta property=\"og:url\" content=\"https:\/\/iicolumnas.es\/index.php\/reservas-pabellon-pequeno\/\" \/>\n<meta property=\"og:site_name\" content=\"Dos Columnas\" \/>\n<meta property=\"article:publisher\" content=\"https:\/\/www.facebook.com\/iicolumnas\/\" \/>\n<meta property=\"article:modified_time\" content=\"2025-01-29T15:30:28+00:00\" \/>\n<meta property=\"og:image\" content=\"https:\/\/iicolumnas.es\/wp-content\/uploads\/2020\/01\/ayuntamiento-de-cantalpino.jpg\" \/>\n<meta name=\"twitter:card\" content=\"summary_large_image\" \/>\n<meta name=\"twitter:site\" content=\"@iicolumnas\" \/>\n<meta name=\"twitter:label1\" content=\"Tiempo de lectura\" \/>\n\t<meta name=\"twitter:data1\" content=\"5 minutos\" \/>\n<script type=\"application\/ld+json\" class=\"yoast-schema-graph\">{\"@context\":\"https:\/\/schema.org\",\"@graph\":[{\"@type\":\"WebPage\",\"@id\":\"https:\/\/iicolumnas.es\/index.php\/reservas-pabellon-pequeno\/\",\"url\":\"https:\/\/iicolumnas.es\/index.php\/reservas-pabellon-pequeno\/\",\"name\":\"Reservas pabell\u00f3n peque\u00f1o - Dos Columnas\",\"isPartOf\":{\"@id\":\"https:\/\/iicolumnas.es\/#website\"},\"primaryImageOfPage\":{\"@id\":\"https:\/\/iicolumnas.es\/index.php\/reservas-pabellon-pequeno\/#primaryimage\"},\"image\":{\"@id\":\"https:\/\/iicolumnas.es\/index.php\/reservas-pabellon-pequeno\/#primaryimage\"},\"thumbnailUrl\":\"https:\/\/iicolumnas.es\/wp-content\/uploads\/2020\/01\/ayuntamiento-de-cantalpino.jpg\",\"datePublished\":\"2022-10-30T19:12:50+00:00\",\"dateModified\":\"2025-01-29T15:30:28+00:00\",\"breadcrumb\":{\"@id\":\"https:\/\/iicolumnas.es\/index.php\/reservas-pabellon-pequeno\/#breadcrumb\"},\"inLanguage\":\"es\",\"potentialAction\":[{\"@type\":\"ReadAction\",\"target\":[\"https:\/\/iicolumnas.es\/index.php\/reservas-pabellon-pequeno\/\"]}]},{\"@type\":\"ImageObject\",\"inLanguage\":\"es\",\"@id\":\"https:\/\/iicolumnas.es\/index.php\/reservas-pabellon-pequeno\/#primaryimage\",\"url\":\"https:\/\/iicolumnas.es\/wp-content\/uploads\/2020\/01\/ayuntamiento-de-cantalpino.jpg\",\"contentUrl\":\"https:\/\/iicolumnas.es\/wp-content\/uploads\/2020\/01\/ayuntamiento-de-cantalpino.jpg\",\"width\":550,\"height\":140},{\"@type\":\"BreadcrumbList\",\"@id\":\"https:\/\/iicolumnas.es\/index.php\/reservas-pabellon-pequeno\/#breadcrumb\",\"itemListElement\":[{\"@type\":\"ListItem\",\"position\":1,\"name\":\"Portada\",\"item\":\"https:\/\/iicolumnas.es\/\"},{\"@type\":\"ListItem\",\"position\":2,\"name\":\"Reservas pabell\u00f3n peque\u00f1o\"}]},{\"@type\":\"WebSite\",\"@id\":\"https:\/\/iicolumnas.es\/#website\",\"url\":\"https:\/\/iicolumnas.es\/\",\"name\":\"Dos Columnas\",\"description\":\"El peri\u00f3dico de la villa de Cantalpino\",\"potentialAction\":[{\"@type\":\"SearchAction\",\"target\":{\"@type\":\"EntryPoint\",\"urlTemplate\":\"https:\/\/iicolumnas.es\/?s={search_term_string}\"},\"query-input\":{\"@type\":\"PropertyValueSpecification\",\"valueRequired\":true,\"valueName\":\"search_term_string\"}}],\"inLanguage\":\"es\"}]}<\/script>\n<!-- \/ Yoast SEO plugin. -->","yoast_head_json":{"title":"Reservas pabell\u00f3n peque\u00f1o - Dos Columnas","robots":{"index":"index","follow":"follow","max-snippet":"max-snippet:-1","max-image-preview":"max-image-preview:large","max-video-preview":"max-video-preview:-1"},"canonical":"https:\/\/iicolumnas.es\/index.php\/reservas-pabellon-pequeno\/","og_locale":"es_ES","og_type":"article","og_title":"Reservas pabell\u00f3n peque\u00f1o - Dos Columnas","og_description":"Reservas para la pabell\u00f3n peque\u00f1o\u00a0de Cantalpino *En caso de equivocaci\u00f3n, haga la reserva correcta indicando en los comentarios la reserva equivocada. Normas de uso El pabell\u00f3n permanecer\u00e1 cerrado. Ser\u00e1 necesario solicitar la llave en&#46;&#46;&#46;","og_url":"https:\/\/iicolumnas.es\/index.php\/reservas-pabellon-pequeno\/","og_site_name":"Dos Columnas","article_publisher":"https:\/\/www.facebook.com\/iicolumnas\/","article_modified_time":"2025-01-29T15:30:28+00:00","og_image":[{"url":"https:\/\/iicolumnas.es\/wp-content\/uploads\/2020\/01\/ayuntamiento-de-cantalpino.jpg","type":"","width":"","height":""}],"twitter_card":"summary_large_image","twitter_site":"@iicolumnas","twitter_misc":{"Tiempo de lectura":"5 minutos"},"schema":{"@context":"https:\/\/schema.org","@graph":[{"@type":"WebPage","@id":"https:\/\/iicolumnas.es\/index.php\/reservas-pabellon-pequeno\/","url":"https:\/\/iicolumnas.es\/index.php\/reservas-pabellon-pequeno\/","name":"Reservas pabell\u00f3n peque\u00f1o - Dos Columnas","isPartOf":{"@id":"https:\/\/iicolumnas.es\/#website"},"primaryImageOfPage":{"@id":"https:\/\/iicolumnas.es\/index.php\/reservas-pabellon-pequeno\/#primaryimage"},"image":{"@id":"https:\/\/iicolumnas.es\/index.php\/reservas-pabellon-pequeno\/#primaryimage"},"thumbnailUrl":"https:\/\/iicolumnas.es\/wp-content\/uploads\/2020\/01\/ayuntamiento-de-cantalpino.jpg","datePublished":"2022-10-30T19:12:50+00:00","dateModified":"2025-01-29T15:30:28+00:00","breadcrumb":{"@id":"https:\/\/iicolumnas.es\/index.php\/reservas-pabellon-pequeno\/#breadcrumb"},"inLanguage":"es","potentialAction":[{"@type":"ReadAction","target":["https:\/\/iicolumnas.es\/index.php\/reservas-pabellon-pequeno\/"]}]},{"@type":"ImageObject","inLanguage":"es","@id":"https:\/\/iicolumnas.es\/index.php\/reservas-pabellon-pequeno\/#primaryimage","url":"https:\/\/iicolumnas.es\/wp-content\/uploads\/2020\/01\/ayuntamiento-de-cantalpino.jpg","contentUrl":"https:\/\/iicolumnas.es\/wp-content\/uploads\/2020\/01\/ayuntamiento-de-cantalpino.jpg","width":550,"height":140},{"@type":"BreadcrumbList","@id":"https:\/\/iicolumnas.es\/index.php\/reservas-pabellon-pequeno\/#breadcrumb","itemListElement":[{"@type":"ListItem","position":1,"name":"Portada","item":"https:\/\/iicolumnas.es\/"},{"@type":"ListItem","position":2,"name":"Reservas pabell\u00f3n peque\u00f1o"}]},{"@type":"WebSite","@id":"https:\/\/iicolumnas.es\/#website","url":"https:\/\/iicolumnas.es\/","name":"Dos Columnas","description":"El peri\u00f3dico de la villa de Cantalpino","potentialAction":[{"@type":"SearchAction","target":{"@type":"EntryPoint","urlTemplate":"https:\/\/iicolumnas.es\/?s={search_term_string}"},"query-input":{"@type":"PropertyValueSpecification","valueRequired":true,"valueName":"search_term_string"}}],"inLanguage":"es"}]}},"_links":{"self":[{"href":"https:\/\/iicolumnas.es\/index.php\/wp-json\/wp\/v2\/pages\/28475","targetHints":{"allow":["GET"]}}],"collection":[{"href":"https:\/\/iicolumnas.es\/index.php\/wp-json\/wp\/v2\/pages"}],"about":[{"href":"https:\/\/iicolumnas.es\/index.php\/wp-json\/wp\/v2\/types\/page"}],"author":[{"embeddable":true,"href":"https:\/\/iicolumnas.es\/index.php\/wp-json\/wp\/v2\/users\/20"}],"replies":[{"embeddable":true,"href":"https:\/\/iicolumnas.es\/index.php\/wp-json\/wp\/v2\/comments?post=28475"}],"version-history":[{"count":4,"href":"https:\/\/iicolumnas.es\/index.php\/wp-json\/wp\/v2\/pages\/28475\/revisions"}],"predecessor-version":[{"id":34331,"href":"https:\/\/iicolumnas.es\/index.php\/wp-json\/wp\/v2\/pages\/28475\/revisions\/34331"}],"wp:attachment":[{"href":"https:\/\/iicolumnas.es\/index.php\/wp-json\/wp\/v2\/media?parent=28475"}],"curies":[{"name":"wp","href":"https:\/\/api.w.org\/{rel}","templated":true}]}}