{"id":27139,"date":"2022-04-28T11:49:12","date_gmt":"2022-04-28T09:49:12","guid":{"rendered":"https:\/\/iicolumnas.es\/?page_id=27139"},"modified":"2022-04-28T11:49:12","modified_gmt":"2022-04-28T09:49:12","slug":"gestionar-reserva","status":"publish","type":"page","link":"https:\/\/iicolumnas.es\/index.php\/gestionar-reserva\/","title":{"rendered":"Gestionar Reserva"},"content":{"rendered":"No ha marcado ning\u00fan par\u00e1metro para la edici\u00f3n de la reserva <br\/><em>Por favor, comprueba m\u00e1s sobre la configuraci\u00f3n en <a href=\"https:\/\/wpbookingcalendar.com\/faq\/configure-editing-cancel-payment-bookings-for-visitors\/\" target=\"_blank\">esta p\u00e1gina<\/a>.<\/em>\n","protected":false},"excerpt":{"rendered":"","protected":false},"author":20,"featured_media":0,"parent":0,"menu_order":0,"comment_status":"closed","ping_status":"closed","template":"","meta":{"footnotes":""},"class_list":["post-27139","page","type-page","status-publish","hentry"],"yoast_head":"<!-- This site is optimized with the Yoast SEO plugin v26.6 - https:\/\/yoast.com\/wordpress\/plugins\/seo\/ -->\n<title>Gestionar Reserva - Dos Columnas<\/title>\n<meta name=\"robots\" content=\"index, follow, max-snippet:-1, max-image-preview:large, max-video-preview:-1\" \/>\n<link rel=\"canonical\" href=\"https:\/\/iicolumnas.es\/index.php\/gestionar-reserva\/\" \/>\n<meta property=\"og:locale\" content=\"es_ES\" \/>\n<meta property=\"og:type\" content=\"article\" \/>\n<meta property=\"og:title\" content=\"Gestionar Reserva - Dos Columnas\" \/>\n<meta property=\"og:url\" content=\"https:\/\/iicolumnas.es\/index.php\/gestionar-reserva\/\" \/>\n<meta property=\"og:site_name\" content=\"Dos Columnas\" \/>\n<meta property=\"article:publisher\" content=\"https:\/\/www.facebook.com\/iicolumnas\/\" \/>\n<meta name=\"twitter:card\" content=\"summary_large_image\" \/>\n<meta name=\"twitter:site\" content=\"@iicolumnas\" \/>\n<meta name=\"twitter:label1\" content=\"Tiempo de lectura\" \/>\n\t<meta name=\"twitter:data1\" content=\"1 minuto\" \/>\n<script type=\"application\/ld+json\" class=\"yoast-schema-graph\">{\"@context\":\"https:\/\/schema.org\",\"@graph\":[{\"@type\":\"WebPage\",\"@id\":\"https:\/\/iicolumnas.es\/index.php\/gestionar-reserva\/\",\"url\":\"https:\/\/iicolumnas.es\/index.php\/gestionar-reserva\/\",\"name\":\"Gestionar Reserva - Dos Columnas\",\"isPartOf\":{\"@id\":\"https:\/\/iicolumnas.es\/#website\"},\"datePublished\":\"2022-04-28T09:49:12+00:00\",\"breadcrumb\":{\"@id\":\"https:\/\/iicolumnas.es\/index.php\/gestionar-reserva\/#breadcrumb\"},\"inLanguage\":\"es\",\"potentialAction\":[{\"@type\":\"ReadAction\",\"target\":[\"https:\/\/iicolumnas.es\/index.php\/gestionar-reserva\/\"]}]},{\"@type\":\"BreadcrumbList\",\"@id\":\"https:\/\/iicolumnas.es\/index.php\/gestionar-reserva\/#breadcrumb\",\"itemListElement\":[{\"@type\":\"ListItem\",\"position\":1,\"name\":\"Portada\",\"item\":\"https:\/\/iicolumnas.es\/\"},{\"@type\":\"ListItem\",\"position\":2,\"name\":\"Gestionar Reserva\"}]},{\"@type\":\"WebSite\",\"@id\":\"https:\/\/iicolumnas.es\/#website\",\"url\":\"https:\/\/iicolumnas.es\/\",\"name\":\"Dos Columnas\",\"description\":\"El peri\u00f3dico de la villa de Cantalpino\",\"potentialAction\":[{\"@type\":\"SearchAction\",\"target\":{\"@type\":\"EntryPoint\",\"urlTemplate\":\"https:\/\/iicolumnas.es\/?s={search_term_string}\"},\"query-input\":{\"@type\":\"PropertyValueSpecification\",\"valueRequired\":true,\"valueName\":\"search_term_string\"}}],\"inLanguage\":\"es\"}]}<\/script>\n<!-- \/ Yoast SEO plugin. -->","yoast_head_json":{"title":"Gestionar Reserva - Dos Columnas","robots":{"index":"index","follow":"follow","max-snippet":"max-snippet:-1","max-image-preview":"max-image-preview:large","max-video-preview":"max-video-preview:-1"},"canonical":"https:\/\/iicolumnas.es\/index.php\/gestionar-reserva\/","og_locale":"es_ES","og_type":"article","og_title":"Gestionar Reserva - Dos Columnas","og_url":"https:\/\/iicolumnas.es\/index.php\/gestionar-reserva\/","og_site_name":"Dos Columnas","article_publisher":"https:\/\/www.facebook.com\/iicolumnas\/","twitter_card":"summary_large_image","twitter_site":"@iicolumnas","twitter_misc":{"Tiempo de lectura":"1 minuto"},"schema":{"@context":"https:\/\/schema.org","@graph":[{"@type":"WebPage","@id":"https:\/\/iicolumnas.es\/index.php\/gestionar-reserva\/","url":"https:\/\/iicolumnas.es\/index.php\/gestionar-reserva\/","name":"Gestionar Reserva - Dos Columnas","isPartOf":{"@id":"https:\/\/iicolumnas.es\/#website"},"datePublished":"2022-04-28T09:49:12+00:00","breadcrumb":{"@id":"https:\/\/iicolumnas.es\/index.php\/gestionar-reserva\/#breadcrumb"},"inLanguage":"es","potentialAction":[{"@type":"ReadAction","target":["https:\/\/iicolumnas.es\/index.php\/gestionar-reserva\/"]}]},{"@type":"BreadcrumbList","@id":"https:\/\/iicolumnas.es\/index.php\/gestionar-reserva\/#breadcrumb","itemListElement":[{"@type":"ListItem","position":1,"name":"Portada","item":"https:\/\/iicolumnas.es\/"},{"@type":"ListItem","position":2,"name":"Gestionar Reserva"}]},{"@type":"WebSite","@id":"https:\/\/iicolumnas.es\/#website","url":"https:\/\/iicolumnas.es\/","name":"Dos Columnas","description":"El peri\u00f3dico de la villa de Cantalpino","potentialAction":[{"@type":"SearchAction","target":{"@type":"EntryPoint","urlTemplate":"https:\/\/iicolumnas.es\/?s={search_term_string}"},"query-input":{"@type":"PropertyValueSpecification","valueRequired":true,"valueName":"search_term_string"}}],"inLanguage":"es"}]}},"_links":{"self":[{"href":"https:\/\/iicolumnas.es\/index.php\/wp-json\/wp\/v2\/pages\/27139","targetHints":{"allow":["GET"]}}],"collection":[{"href":"https:\/\/iicolumnas.es\/index.php\/wp-json\/wp\/v2\/pages"}],"about":[{"href":"https:\/\/iicolumnas.es\/index.php\/wp-json\/wp\/v2\/types\/page"}],"author":[{"embeddable":true,"href":"https:\/\/iicolumnas.es\/index.php\/wp-json\/wp\/v2\/users\/20"}],"replies":[{"embeddable":true,"href":"https:\/\/iicolumnas.es\/index.php\/wp-json\/wp\/v2\/comments?post=27139"}],"version-history":[{"count":1,"href":"https:\/\/iicolumnas.es\/index.php\/wp-json\/wp\/v2\/pages\/27139\/revisions"}],"predecessor-version":[{"id":27140,"href":"https:\/\/iicolumnas.es\/index.php\/wp-json\/wp\/v2\/pages\/27139\/revisions\/27140"}],"wp:attachment":[{"href":"https:\/\/iicolumnas.es\/index.php\/wp-json\/wp\/v2\/media?parent=27139"}],"curies":[{"name":"wp","href":"https:\/\/api.w.org\/{rel}","templated":true}]}}