{"id":26013,"date":"2021-03-10T14:04:41","date_gmt":"2021-03-10T13:04:41","guid":{"rendered":"https:\/\/iicolumnas.es\/?page_id=26013"},"modified":"2025-01-29T16:29:26","modified_gmt":"2025-01-29T15:29:26","slug":"reservas-padel","status":"publish","type":"page","link":"https:\/\/iicolumnas.es\/index.php\/reservas-padel\/","title":{"rendered":"Reservas P\u00e1del"},"content":{"rendered":"<h1>Reservas para la <span style=\"color: #36cccc;\">pista de p\u00e1del<\/span> de Cantalpino<\/h1>\n <div id=\"form_id836725424571\" class=\"wpdevelop\"><form  id=\"booking_form1\"   class=\"booking_form vertical\" method=\"post\" action=\"\"><div id=\"ajax_respond_insert1\" class=\"ajax_respond_insert\" style=\"display:none;\"><\/div><a name=\"bklnk1\" id=\"bklnk1\"><\/a><div id=\"booking_form_div1\" class=\"booking_form_div\"><div class=\"wpbc_booking_form_structure wpbc_vertical\">\r\n  <div class=\"wpbc_structure_calendar\">\r\n    <div class=\"wpbc_change_over_triangle\"><div class=\"bk_calendar_frame months_num_in_row_ cal_month_num_2 wpbc_timeslot_day_bg_as_available\" style=\"width:568px;\"><div id=\"calendar_booking1\">Cargando Calendario...<\/div><\/div><textarea id=\"date_booking1\" name=\"date_booking1\" autocomplete=\"off\" style=\"display:none;\"><\/textarea><div class=\"block_hints datepick\"><div class=\"wpdev_hint_with_text\"><div class=\"block_free datepick-days-cell\"><a>&nbsp;<\/a><\/div><div class=\"block_text\">- Disponible<\/div><\/div><div class=\"wpdev_hint_with_text\"><div class=\"block_pending date2approve\">&nbsp;<\/div><div class=\"block_text\">- No Disponible<\/div><\/div><\/div><div class=\"wpdev_clear_hint\"><\/div><\/div>\r\n  <\/div>\r\n  <div class=\"wpbc_structure_form\">\r\n     <p>Seleccione la hora*:<br \/><span class=\"wpdev-form-control-wrap rangetime1\"><select onchange=\"javascript:if(typeof( showCostHintInsideBkForm ) == 'function') {  showCostHintInsideBkForm(1);}\" name=\"rangetime1\" class=\"wpdev-validates-as-required\"><option value=\"09:00 - 10:30\">9:00 AM - 10:30 AM<\/option><option value=\"10:30 - 12:00\">10:30 AM - 12:00 PM<\/option><option value=\"12:00 - 13:30\">12:00 PM - 13:30 PM<\/option><option value=\"13:30 - 15:00\">13:30 PM - 15:00 PM<\/option><option value=\"15:00 - 16:30\">15:00 PM - 16:30 PM<\/option><option value=\"16:30 - 18:00\">16:30 PM - 18:00 PM<\/option><option value=\"18:00 - 19:30\">18:00 PM - 19:30 PM<\/option><option value=\"19:30 - 21:00\">19:30 PM- 21:00 PM<\/option><option value=\"21:00 - 22:30\">21:00 PM- 22:30 PM HORARIO NOCTURNO<\/option><option value=\"22:30 - 23:57\">22:30 PM- 00:00 AM HORARIO NOCTURNO<\/option><option value=\"23:58 - 23:59\">00:00 AM- 01:30 AM HORARIO NOCTURNO<\/option><\/select><\/span><\/p>\r\n     <p>Nombre*:<br \/><span class=\"wpdev-form-control-wrap name1\"><input type=\"text\" name=\"name1\" value=\"\" class=\"wpdev-validates-as-required\" size=\"40\" \/><\/span><\/p>\r\n     <p>Apellido*:<br \/><span class=\"wpdev-form-control-wrap secondname1\"><input type=\"text\" name=\"secondname1\" value=\"\" class=\"wpdev-validates-as-required\" size=\"40\" \/><\/span><\/p>\r\n     <p>Correo Electr\u00f3nico (donde te llegar\u00e1 una confirmaci\u00f3n de la cita)*:<br \/><span class=\"wpdev-form-control-wrap email1\"><input type=\"text\" name=\"email1\" value=\"\" class=\"wpdev-validates-as-email wpdev-validates-as-required\" size=\"40\" \/><\/span><\/p>\r\n     <p>Comentarios:<br \/><span class=\"wpdev-form-control-wrap details1\"><textarea name=\"details1\" cols=\"40\" rows=\"10\"><\/textarea><\/span><\/p>\r\n     <p><input  autocomplete=\"off\" type=\"hidden\" name=\"wpdev_captcha_challenge_1\"  id=\"wpdev_captcha_challenge_1\" value=\"1485835951\" \/><input  autocomplete=\"off\" type=\"text\" class=\"captachinput\" value=\"\" name=\"captcha_input1\" id=\"captcha_input1\" \/><img decoding=\"async\" class=\"captcha_img\"  id=\"captcha_img1\" alt=\"captcha\" src=\"https:\/\/iicolumnas.es\/wp-content\/plugins\/booking.personal.9.1.1\/js\/captcha\/tmp\/1485835951.png\" \/><span id=\"captcha_msg1\" class=\"wpdev-help-message\" ><\/span><\/p>\r\n     <p><input type=\"button\" value=\"Enviar\" class=\"btn\" onclick=\"mybooking_submit(this.form,1, 'es_ES' );\" \/><img decoding=\"async\" class=\"ajax-loader\"  style=\"vertical-align:middle;box-shadow:none;width:14px;visibility: hidden;\" alt=\"ajax loader\" src=\"https:\/\/iicolumnas.es\/wp-content\/plugins\/booking.personal.9.1.1\/assets\/img\/ajax-loader.gif\" \/><\/p>\r\n  <\/div>\r\n<\/div>\r\n<div class=\"wpbc_booking_form_footer\"><\/div><input id=\"bk_type1\" name=\"bk_type1\" class=\"\" type=\"hidden\" value=\"1\" \/><\/div><div id=\"submiting1\"><\/div><div class=\"form_bk_messages\" id=\"form_bk_messages1\" ><\/div><input type=\"hidden\" id=\"wpbc_nonce1\" name=\"wpbc_nonce1\" value=\"08e354dcea\" \/><input type=\"hidden\" name=\"_wp_http_referer\" value=\"\/index.php\/wp-json\/wp\/v2\/pages\/26013\" \/><input type=\"hidden\" id=\"wpbc_nonceCALCULATE_THE_COST1\" name=\"wpbc_nonceCALCULATE_THE_COST1\" value=\"e545b9ae73\" \/><input type=\"hidden\" name=\"_wp_http_referer\" value=\"\/index.php\/wp-json\/wp\/v2\/pages\/26013\" \/><\/form><\/div><div id=\"booking_form_garbage1\" class=\"booking_form_garbage\"><\/div><script type=\"text\/javascript\">\n                                jQuery(document).ready( function(){\n                                    jQuery(\".widget_wpdev_booking .booking_form.form-horizontal\").removeClass(\"form-horizontal\");\n                                    var visible_booking_id_on_page_num = visible_booking_id_on_page.length;\n                                    if (visible_booking_id_on_page_num !== null ) {\n                                        for (var i=0;i< visible_booking_id_on_page_num ;i++){\n                                          if ( visible_booking_id_on_page[i]==\"booking_form_div1\" ) {\n                                              document.getElementById(\"form_id836725424571\").innerHTML = \"<span style='color:#A00;font-size:10px;'>Advertencia! calendario de reserva para este recurso est\u00e1 adem\u00e1s en la p\u00e1gina, compruebe m\u00e1s acerca de este problema en esta p\u00e1gina: https:\/\/wpbookingcalendar.com\/faq\/why-the-booking-calendar-widget-not-show-on-page\/<\/span>\";                                                                                                  \n                                              jQuery(\"#form_id836725424571\").animate( {opacity: 1}, 10000 ).fadeOut(5000);\n                                              return;\n                                          }\n                                        }\n                                        visible_booking_id_on_page[ visible_booking_id_on_page_num ]=\"booking_form_div1\";\n                                    }\n                                });\n                            <\/script> <script type='text\/javascript'>  jQuery(document).ready( function(){  date_admin_blank[1] = [];  date2approve[1] = [];  var date_approved_par = [];  init_datepick_cal('1', date_approved_par, 2 , 1, false   );  }); <\/script>\n<p>*En caso de equivocaci\u00f3n, haga la reserva correcta indicando en los comentarios la reserva equivocada.<br \/>\n&nbsp;<\/p>\n<p><script async src=\"https:\/\/pagead2.googlesyndication.com\/pagead\/js\/adsbygoogle.js?client=ca-pub-2735412987815860\"\n     crossorigin=\"anonymous\"><\/script><br \/>\n<!-- vert --><br \/>\n<ins class=\"adsbygoogle\"\n     style=\"display:block\"\n     data-ad-client=\"ca-pub-2735412987815860\"\n     data-ad-slot=\"7203587657\"\n     data-ad-format=\"auto\"\n     data-full-width-responsive=\"true\"><\/ins><br \/>\n<script>\n     (adsbygoogle = window.adsbygoogle || []).push({});\n<\/script><\/p>\n<h2>Normas de uso<\/h2>\n<ol>\n<li>La pista de p\u00e1del permanecer\u00e1 cerrada. Ser\u00e1 necesario <strong>solicitar la llave en el <\/strong><strong>Bar Espa\u00f1a, previa reserva en la Web de Dos Columnas.<\/strong><\/li>\n<li>En caso de ser menor de edad, debes ir acompa\u00f1ado de una persona mayor de edad que se responsabilice del alquiler.<\/li>\n<li>El pago del alquiler se realizar\u00e1 cuando se entregan las llaves de la pista, y estas deben ser entregadas una vez finalice el tiempo de la reserva.<\/li>\n<li>Tarifa por 1.5 H ser\u00e1 la siguiente:<br \/>\n\u2022 1\u20ac. Si eres vecino de Cantalpino.<br \/>\n\u2022 5\u20ac. Si eres de otro Municipio.<\/li>\n<li>Si se hace una reserva y no se acude, se cobrar\u00e1 la cuota en la siguiente reserva.<\/li>\n<li><strong>M\u00e1ximo 6 personas<\/strong>, por cada periodo de reserva.<\/li>\n<li>Tiempo m\u00e1ximo que puede alquilar un grupo es de 1.5 H, salvo que la pista este disponible, y lo autorice la persona que entrega las llaves.<\/li>\n<li>El Ayuntamiento se reserva el derecho del uso de la instalaci\u00f3n para cualquier actividad que se vaya a realizar en ella, aunque est\u00e9 alquilado con anterioridad.<\/li>\n<li>Cualquier equipo de P\u00e1del (federado) que represente al pueblo, tendr\u00e1 el uso gratuito del mismo, tanto para la competici\u00f3n como para su entrenamiento.<br \/>\n(en este caso debe acordarlo con los representantes del Ayuntamiento).<\/li>\n<li>En el interior de la pista de p\u00e1del est\u00e1 terminantemente prohibido fumar.<\/li>\n<li>Est\u00e1 prohibido meter animales, bicicletas, patinetes, etc. en el mismo.<\/li>\n<li>Se responsabilizar\u00e1 de los desperfectos ocasionados por el mal uso de esta a las personas que hayan utilizado las instalaciones en el momento de producirse. Se recuerda que es una zona Video vigilada.<\/li>\n<li>Todas estas medidas y las tarifas pueden modificarse, para asegurar el mejor funcionamiento y mantenimiento de la pista.<\/li>\n<li><strong>Se ruega mantener limpio el entorno de la pista.<\/strong> Es un bien de todos y para todos, haced un uso responsable.<\/li>\n<\/ol>\n<p><img loading=\"lazy\" decoding=\"async\" class=\"size-full wp-image-23641 aligncenter\" src=\"https:\/\/iicolumnas.es\/wp-content\/uploads\/2020\/01\/ayuntamiento-de-cantalpino.jpg\" alt=\"\" width=\"550\" height=\"140\" srcset=\"https:\/\/iicolumnas.es\/wp-content\/uploads\/2020\/01\/ayuntamiento-de-cantalpino.jpg 550w, https:\/\/iicolumnas.es\/wp-content\/uploads\/2020\/01\/ayuntamiento-de-cantalpino-300x76.jpg 300w\" sizes=\"auto, (max-width: 550px) 100vw, 550px\" \/><\/p>\n","protected":false},"excerpt":{"rendered":"<p>Reservas para la pista de p\u00e1del de Cantalpino *En caso de equivocaci\u00f3n, haga la reserva correcta indicando en los comentarios la reserva equivocada. &nbsp; Normas de uso La pista de p\u00e1del permanecer\u00e1 cerrada. Ser\u00e1&#46;&#46;&#46;<\/p>\n","protected":false},"author":1,"featured_media":0,"parent":0,"menu_order":0,"comment_status":"closed","ping_status":"closed","template":"","meta":{"footnotes":""},"class_list":["post-26013","page","type-page","status-publish","hentry"],"yoast_head":"<!-- This site is optimized with the Yoast SEO plugin v26.6 - https:\/\/yoast.com\/wordpress\/plugins\/seo\/ -->\n<title>Reservas P\u00e1del - Dos Columnas<\/title>\n<meta name=\"robots\" content=\"index, follow, max-snippet:-1, max-image-preview:large, max-video-preview:-1\" \/>\n<link rel=\"canonical\" href=\"https:\/\/iicolumnas.es\/index.php\/reservas-padel\/\" \/>\n<meta property=\"og:locale\" content=\"es_ES\" \/>\n<meta property=\"og:type\" content=\"article\" \/>\n<meta property=\"og:title\" content=\"Reservas P\u00e1del - Dos Columnas\" \/>\n<meta property=\"og:description\" content=\"Reservas para la pista de p\u00e1del de Cantalpino *En caso de equivocaci\u00f3n, haga la reserva correcta indicando en los comentarios la reserva equivocada. &nbsp; Normas de uso La pista de p\u00e1del permanecer\u00e1 cerrada. Ser\u00e1&#046;&#046;&#046;\" \/>\n<meta property=\"og:url\" content=\"https:\/\/iicolumnas.es\/index.php\/reservas-padel\/\" \/>\n<meta property=\"og:site_name\" content=\"Dos Columnas\" \/>\n<meta property=\"article:publisher\" content=\"https:\/\/www.facebook.com\/iicolumnas\/\" \/>\n<meta property=\"article:modified_time\" content=\"2025-01-29T15:29:26+00:00\" \/>\n<meta property=\"og:image\" content=\"https:\/\/iicolumnas.es\/wp-content\/uploads\/2020\/01\/ayuntamiento-de-cantalpino.jpg\" \/>\n<meta name=\"twitter:card\" content=\"summary_large_image\" \/>\n<meta name=\"twitter:site\" content=\"@iicolumnas\" \/>\n<meta name=\"twitter:label1\" content=\"Tiempo de lectura\" \/>\n\t<meta name=\"twitter:data1\" content=\"7 minutos\" \/>\n<script type=\"application\/ld+json\" class=\"yoast-schema-graph\">{\"@context\":\"https:\/\/schema.org\",\"@graph\":[{\"@type\":\"WebPage\",\"@id\":\"https:\/\/iicolumnas.es\/index.php\/reservas-padel\/\",\"url\":\"https:\/\/iicolumnas.es\/index.php\/reservas-padel\/\",\"name\":\"Reservas P\u00e1del - Dos Columnas\",\"isPartOf\":{\"@id\":\"https:\/\/iicolumnas.es\/#website\"},\"primaryImageOfPage\":{\"@id\":\"https:\/\/iicolumnas.es\/index.php\/reservas-padel\/#primaryimage\"},\"image\":{\"@id\":\"https:\/\/iicolumnas.es\/index.php\/reservas-padel\/#primaryimage\"},\"thumbnailUrl\":\"https:\/\/iicolumnas.es\/wp-content\/uploads\/2020\/01\/ayuntamiento-de-cantalpino.jpg\",\"datePublished\":\"2021-03-10T13:04:41+00:00\",\"dateModified\":\"2025-01-29T15:29:26+00:00\",\"breadcrumb\":{\"@id\":\"https:\/\/iicolumnas.es\/index.php\/reservas-padel\/#breadcrumb\"},\"inLanguage\":\"es\",\"potentialAction\":[{\"@type\":\"ReadAction\",\"target\":[\"https:\/\/iicolumnas.es\/index.php\/reservas-padel\/\"]}]},{\"@type\":\"ImageObject\",\"inLanguage\":\"es\",\"@id\":\"https:\/\/iicolumnas.es\/index.php\/reservas-padel\/#primaryimage\",\"url\":\"https:\/\/iicolumnas.es\/wp-content\/uploads\/2020\/01\/ayuntamiento-de-cantalpino.jpg\",\"contentUrl\":\"https:\/\/iicolumnas.es\/wp-content\/uploads\/2020\/01\/ayuntamiento-de-cantalpino.jpg\",\"width\":550,\"height\":140},{\"@type\":\"BreadcrumbList\",\"@id\":\"https:\/\/iicolumnas.es\/index.php\/reservas-padel\/#breadcrumb\",\"itemListElement\":[{\"@type\":\"ListItem\",\"position\":1,\"name\":\"Portada\",\"item\":\"https:\/\/iicolumnas.es\/\"},{\"@type\":\"ListItem\",\"position\":2,\"name\":\"Reservas P\u00e1del\"}]},{\"@type\":\"WebSite\",\"@id\":\"https:\/\/iicolumnas.es\/#website\",\"url\":\"https:\/\/iicolumnas.es\/\",\"name\":\"Dos Columnas\",\"description\":\"El peri\u00f3dico de la villa de Cantalpino\",\"potentialAction\":[{\"@type\":\"SearchAction\",\"target\":{\"@type\":\"EntryPoint\",\"urlTemplate\":\"https:\/\/iicolumnas.es\/?s={search_term_string}\"},\"query-input\":{\"@type\":\"PropertyValueSpecification\",\"valueRequired\":true,\"valueName\":\"search_term_string\"}}],\"inLanguage\":\"es\"}]}<\/script>\n<!-- \/ Yoast SEO plugin. -->","yoast_head_json":{"title":"Reservas P\u00e1del - Dos Columnas","robots":{"index":"index","follow":"follow","max-snippet":"max-snippet:-1","max-image-preview":"max-image-preview:large","max-video-preview":"max-video-preview:-1"},"canonical":"https:\/\/iicolumnas.es\/index.php\/reservas-padel\/","og_locale":"es_ES","og_type":"article","og_title":"Reservas P\u00e1del - Dos Columnas","og_description":"Reservas para la pista de p\u00e1del de Cantalpino *En caso de equivocaci\u00f3n, haga la reserva correcta indicando en los comentarios la reserva equivocada. &nbsp; Normas de uso La pista de p\u00e1del permanecer\u00e1 cerrada. Ser\u00e1&#46;&#46;&#46;","og_url":"https:\/\/iicolumnas.es\/index.php\/reservas-padel\/","og_site_name":"Dos Columnas","article_publisher":"https:\/\/www.facebook.com\/iicolumnas\/","article_modified_time":"2025-01-29T15:29:26+00:00","og_image":[{"url":"https:\/\/iicolumnas.es\/wp-content\/uploads\/2020\/01\/ayuntamiento-de-cantalpino.jpg","type":"","width":"","height":""}],"twitter_card":"summary_large_image","twitter_site":"@iicolumnas","twitter_misc":{"Tiempo de lectura":"7 minutos"},"schema":{"@context":"https:\/\/schema.org","@graph":[{"@type":"WebPage","@id":"https:\/\/iicolumnas.es\/index.php\/reservas-padel\/","url":"https:\/\/iicolumnas.es\/index.php\/reservas-padel\/","name":"Reservas P\u00e1del - Dos Columnas","isPartOf":{"@id":"https:\/\/iicolumnas.es\/#website"},"primaryImageOfPage":{"@id":"https:\/\/iicolumnas.es\/index.php\/reservas-padel\/#primaryimage"},"image":{"@id":"https:\/\/iicolumnas.es\/index.php\/reservas-padel\/#primaryimage"},"thumbnailUrl":"https:\/\/iicolumnas.es\/wp-content\/uploads\/2020\/01\/ayuntamiento-de-cantalpino.jpg","datePublished":"2021-03-10T13:04:41+00:00","dateModified":"2025-01-29T15:29:26+00:00","breadcrumb":{"@id":"https:\/\/iicolumnas.es\/index.php\/reservas-padel\/#breadcrumb"},"inLanguage":"es","potentialAction":[{"@type":"ReadAction","target":["https:\/\/iicolumnas.es\/index.php\/reservas-padel\/"]}]},{"@type":"ImageObject","inLanguage":"es","@id":"https:\/\/iicolumnas.es\/index.php\/reservas-padel\/#primaryimage","url":"https:\/\/iicolumnas.es\/wp-content\/uploads\/2020\/01\/ayuntamiento-de-cantalpino.jpg","contentUrl":"https:\/\/iicolumnas.es\/wp-content\/uploads\/2020\/01\/ayuntamiento-de-cantalpino.jpg","width":550,"height":140},{"@type":"BreadcrumbList","@id":"https:\/\/iicolumnas.es\/index.php\/reservas-padel\/#breadcrumb","itemListElement":[{"@type":"ListItem","position":1,"name":"Portada","item":"https:\/\/iicolumnas.es\/"},{"@type":"ListItem","position":2,"name":"Reservas P\u00e1del"}]},{"@type":"WebSite","@id":"https:\/\/iicolumnas.es\/#website","url":"https:\/\/iicolumnas.es\/","name":"Dos Columnas","description":"El peri\u00f3dico de la villa de Cantalpino","potentialAction":[{"@type":"SearchAction","target":{"@type":"EntryPoint","urlTemplate":"https:\/\/iicolumnas.es\/?s={search_term_string}"},"query-input":{"@type":"PropertyValueSpecification","valueRequired":true,"valueName":"search_term_string"}}],"inLanguage":"es"}]}},"_links":{"self":[{"href":"https:\/\/iicolumnas.es\/index.php\/wp-json\/wp\/v2\/pages\/26013","targetHints":{"allow":["GET"]}}],"collection":[{"href":"https:\/\/iicolumnas.es\/index.php\/wp-json\/wp\/v2\/pages"}],"about":[{"href":"https:\/\/iicolumnas.es\/index.php\/wp-json\/wp\/v2\/types\/page"}],"author":[{"embeddable":true,"href":"https:\/\/iicolumnas.es\/index.php\/wp-json\/wp\/v2\/users\/1"}],"replies":[{"embeddable":true,"href":"https:\/\/iicolumnas.es\/index.php\/wp-json\/wp\/v2\/comments?post=26013"}],"version-history":[{"count":16,"href":"https:\/\/iicolumnas.es\/index.php\/wp-json\/wp\/v2\/pages\/26013\/revisions"}],"predecessor-version":[{"id":34330,"href":"https:\/\/iicolumnas.es\/index.php\/wp-json\/wp\/v2\/pages\/26013\/revisions\/34330"}],"wp:attachment":[{"href":"https:\/\/iicolumnas.es\/index.php\/wp-json\/wp\/v2\/media?parent=26013"}],"curies":[{"name":"wp","href":"https:\/\/api.w.org\/{rel}","templated":true}]}}