{"id":18364,"date":"2018-08-09T09:13:23","date_gmt":"2018-08-09T09:13:23","guid":{"rendered":"https:\/\/iicolumnas.es\/?page_id=18364"},"modified":"2020-07-08T23:43:29","modified_gmt":"2020-07-08T21:43:29","slug":"politica-de-privacidad","status":"publish","type":"page","link":"https:\/\/iicolumnas.es\/index.php\/politica-de-privacidad\/","title":{"rendered":"Pol\u00edtica de privacidad"},"content":{"rendered":"<h2>Qui\u00e9nes somos<\/h2>\n<p>Somos un equipo de cantalpineses con ganas de aportar nuestro granito de arena a la cultura de nuestro pueblo. La direcci\u00f3n de nuestra web es: https:\/\/iicolumnas.es.<\/p>\n<h2>Qu\u00e9 datos personales recogemos y por qu\u00e9 los recogemos<\/h2>\n<h3>Comentarios<\/h3>\n<p>Cuando los visitantes dejan comentarios en la web, recopilamos los datos que se muestran en el formulario de comentarios, as\u00ed como la direcci\u00f3n IP del visitante y la cadena de agentes de usuario del navegador para ayudar a la detecci\u00f3n de spam.<\/p>\n<p>Una cadena an\u00f3nima creada a partir de tu direcci\u00f3n de correo electr\u00f3nico (tambi\u00e9n llamada hash) puede ser proporcionada al servicio de Gravatar para ver si la est\u00e1s usando. La pol\u00edtica de privacidad del servicio Gravatar est\u00e1 disponible aqu\u00ed: https:\/\/automattic.com\/privacy\/. Despu\u00e9s de la aprobaci\u00f3n de tu comentario, la imagen de tu perfil es visible para el p\u00fablico en el contexto de su comentario.<\/p>\n<h3>Medios<\/h3>\n<p>Si subes im\u00e1genes a la web deber\u00edas evitar subir im\u00e1genes con datos de ubicaci\u00f3n (GPS EXIF) incluidos. Los visitantes de la web pueden descargar y extraer cualquier dato de localizaci\u00f3n de las im\u00e1genes de la web.<\/p>\n<h3>Formularios de contacto<\/h3>\n<p>En nuestro formulario de contacto recopilamos los datos que se muestran en el formulario, tu nombre, correo electr\u00f3nico, un tema y un texto libre sobre lo que nos quieras escribir. Adem\u00e1s, con el fin de prevenir el spam y mejorar la seguridad, obtenemos datos de la IP y navegador utilizados por el usuario. Estos datos no son almacenados en nuestra web, son enviados por correo electr\u00f3nico a nuestra cuenta de gmail donde se almacenan indefinidamente. Puedes ver la pol\u00edtica de privacidad de los servicios de google en https:\/\/policies.google.com\/?hl=es.<\/p>\n<h3>Cookies<\/h3>\n<p>Si dejas un comentario en nuestro sitio puedes elegir guardar tu nombre, direcci\u00f3n de correo electr\u00f3nico y web en cookies. Esto es para tu comodidad, para que no tengas que volver a rellenar tus datos cuando dejes otro comentario. Estas cookies tendr\u00e1n una duraci\u00f3n de un a\u00f1o.<\/p>\n<p>Si tienes una cuenta y te conectas a este sitio, instalaremos una cookie temporal para determinar si tu navegador acepta cookies. Esta cookie no contiene datos personales y se elimina al cerrar el navegador.<\/p>\n<p>Cuando inicias sesi\u00f3n, tambi\u00e9n instalaremos varias cookies para guardar tu informaci\u00f3n de inicio de sesi\u00f3n y tus opciones de visualizaci\u00f3n de pantalla. Las cookies de inicio de sesi\u00f3n duran dos d\u00edas, y las cookies de opciones de pantalla duran un a\u00f1o. Si seleccionas \u00abRecordarme\u00bb, tu inicio de sesi\u00f3n perdurar\u00e1 durante dos semanas. Si sales de tu cuenta, las cookies de inicio de sesi\u00f3n se eliminar\u00e1n.<\/p>\n<p>Si editas o publicas un art\u00edculo se guardar\u00e1 una cookie adicional en tu navegador. Esta cookie no incluye datos personales y simplemente indica el ID del art\u00edculo que acabas de editar. Caduca despu\u00e9s de 1 d\u00eda.<\/p>\n<h3>Contenido incrustado de otros sitios web<\/h3>\n<p>Los art\u00edculos de este sitio pueden incluir contenido incrustado (por ejemplo, v\u00eddeos, im\u00e1genes, art\u00edculos, etc.). El contenido incrustado de otras web se comporta exactamente de la misma manera que si el visitante hubiera visitado la otra web.<\/p>\n<p>Estas web pueden recopilar datos sobre ti, utilizar cookies, incrustar un seguimiento adicional de terceros, y supervisar tu interacci\u00f3n con ese contenido incrustado, incluido el seguimiento de tu interacci\u00f3n con el contenido incrustado si tienes una cuenta y est\u00e1s conectado a esa web.<\/p>\n<h3>Anal\u00edtica<\/h3>\n<p>Utilizamos Google Analitics para llevar un seguimiento de las visitas que recibimos, desde donde las recibimos y que dispositivo y navegador es utilizado en los accesos. Esta informaci\u00f3n es muy \u00fatil para nosotros para poder conocer en que aspectos podemos mejorar nuestra web. Pueden consultar la pol\u00edtica de privacidad del servicio de Google Analitics en https:\/\/policies.google.com\/privacy?hl=es<\/p>\n<h2>Con qui\u00e9n compartimos tus datos<\/h2>\n<p>Esta web est\u00e1 alojada en los servidores de DigitalOcean (https:\/\/www.digitalocean.com\/) puedes encontrar su pol\u00edtica de privacidad en https:\/\/www.digitalocean.com\/legal\/privacy\/. Por seguridad y para mantener un servicio estable y solventar cualquier problema que pudiera ocurrir, utilizamos los servicios de Google Drive para guardar copias de seguridad autom\u00e1ticas de nuestro sitio web, la pol\u00edtica de privacidad de Google puede verse en https:\/\/policies.google.com\/privacy?hl=es<\/p>\n<h2>Cu\u00e1nto tiempo conservamos tus datos<\/h2>\n<p>Si dejas un comentario o utilizas el formulario de contacto, estos datos se conservan indefinidamente. Esto es para que podamos reconocer y aprobar comentarios sucesivos autom\u00e1ticamente en lugar de mantenerlos en una cola de moderaci\u00f3n.<\/p>\n<p>De los usuarios que se registran en nuestra web (si los hay), tambi\u00e9n almacenamos la informaci\u00f3n personal que proporcionan en su perfil de usuario. Todos los usuarios pueden ver, editar o eliminar su informaci\u00f3n personal en cualquier momento (excepto que no pueden cambiar su nombre de usuario). Los administradores de la web tambi\u00e9n pueden ver y editar esa informaci\u00f3n.<\/p>\n<h2>Qu\u00e9 derechos tienes sobre tus datos<\/h2>\n<p>Si tienes una cuenta o has dejado comentarios en esta web, puedes solicitar recibir un archivo de exportaci\u00f3n de los datos personales que tenemos sobre ti, incluyendo cualquier dato que nos hayas proporcionado. Tambi\u00e9n puedes solicitar que eliminemos cualquier dato personal que tengamos sobre ti. Esto no incluye ning\u00fan dato que estemos obligados a conservar con fines administrativos, legales o de seguridad.<\/p>\n<h2>D\u00f3nde enviamos tus datos<\/h2>\n<p>Los comentarios de los visitantes puede que los revise un servicio de detecci\u00f3n autom\u00e1tica de spam. Esta web est\u00e1 alojada en los servidores de DigitalOcean (https:\/\/www.digitalocean.com\/) puedes encontrar su pol\u00edtica de privacidad en https:\/\/www.digitalocean.com\/legal\/privacy\/. Por seguridad y para mantener un servicio estable y solventar cualquier problema que pudiera ocurrir, utilizamos los servicios de Google Drive para guardar copias de seguridad autom\u00e1ticas de nuestro sitio web, la pol\u00edtica de privacidad de Google puede verse en https:\/\/policies.google.com\/privacy?hl=es<\/p>\n<h2>Informaci\u00f3n de contacto<\/h2>\n<p>Puedes utilizar nuestro email (iicolumnas@gmail.com) para solicitar una copia de tus datos o para solicitar su borrado.<\/p>\n<h3>C\u00f3mo protegemos tus datos<\/h3>\n<p>Para la protecci\u00f3n de datos utilizamos sistemas avanzados de seguridad con los que monitorizamos todos los accesos de usuarios de la web controlando si alguno de estos accesos no est\u00e1 autolizado y tomando las medidas correspondientes para no comprometer los datos de nuestros lectores. Adem\u00e1s utilizamos protocolos de encriptaci\u00f3n SSL que evitan que la informaci\u00f3n de nuestros lectores pueda ser le\u00edda por los alg\u00fan tercero que consiguiera interceptarla. Para la administraci\u00f3n de nuestro sitio web contamos con identifiaci\u00f3n de dos factores, para as\u00ed evitar que si uno de ellos es comprometido puedan acceder a todos los datos de nuestra web.<\/p>\n<h3>Qu\u00e9 procedimientos utilizamos contra las brechas de datos<\/h3>\n<p>Internamente nuestro sistema genera informes en los que se pueden controlar todos los accesos a nuestros sistemas, adem\u00e1s, contamos con un sistema de alertas en el caso de que alg\u00fan ciberdelincuente intentara comprometer nuestra web, el cual bloquear\u00eda todo el servicio hasta que el administrador tomara las medidas correspondientes.<\/p>\n<h3>Qu\u00e9 tipo de toma de decisiones automatizada y\/o perfilado hacemos con los datos del usuario<\/h3>\n<p>Cuando un lector escribe un comentario en nuestra web, de forma autom\u00e1tica comprobamos si es spam, en caso positivo pasar\u00e1 a una lista negra de spam, en caso negativo pasar\u00e1 a moderaci\u00f3n, donde los administradores moderar\u00e1n el comentario de forma manual.<\/p>\n","protected":false},"excerpt":{"rendered":"<p>Qui\u00e9nes somos Somos un equipo de cantalpineses con ganas de aportar nuestro granito de arena a la cultura de nuestro pueblo. La direcci\u00f3n de nuestra web es: https:\/\/iicolumnas.es. Qu\u00e9 datos personales recogemos y por&#46;&#46;&#46;<\/p>\n","protected":false},"author":1,"featured_media":0,"parent":0,"menu_order":0,"comment_status":"closed","ping_status":"closed","template":"","meta":{"footnotes":""},"class_list":["post-18364","page","type-page","status-publish","hentry"],"yoast_head":"<!-- This site is optimized with the Yoast SEO plugin v26.6 - https:\/\/yoast.com\/wordpress\/plugins\/seo\/ -->\n<title>Pol\u00edtica de privacidad - Dos Columnas<\/title>\n<meta name=\"robots\" content=\"index, follow, max-snippet:-1, max-image-preview:large, max-video-preview:-1\" \/>\n<link rel=\"canonical\" href=\"https:\/\/iicolumnas.es\/index.php\/politica-de-privacidad\/\" \/>\n<meta property=\"og:locale\" content=\"es_ES\" \/>\n<meta property=\"og:type\" content=\"article\" \/>\n<meta property=\"og:title\" content=\"Pol\u00edtica de privacidad - Dos Columnas\" \/>\n<meta property=\"og:description\" content=\"Qui\u00e9nes somos Somos un equipo de cantalpineses con ganas de aportar nuestro granito de arena a la cultura de nuestro pueblo. La direcci\u00f3n de nuestra web es: https:\/\/iicolumnas.es. Qu\u00e9 datos personales recogemos y por&#046;&#046;&#046;\" \/>\n<meta property=\"og:url\" content=\"https:\/\/iicolumnas.es\/index.php\/politica-de-privacidad\/\" \/>\n<meta property=\"og:site_name\" content=\"Dos Columnas\" \/>\n<meta property=\"article:publisher\" content=\"https:\/\/www.facebook.com\/iicolumnas\/\" \/>\n<meta property=\"article:modified_time\" content=\"2020-07-08T21:43:29+00:00\" \/>\n<meta name=\"twitter:card\" content=\"summary_large_image\" \/>\n<meta name=\"twitter:site\" content=\"@iicolumnas\" \/>\n<meta name=\"twitter:label1\" content=\"Tiempo de lectura\" \/>\n\t<meta name=\"twitter:data1\" content=\"6 minutos\" \/>\n<script type=\"application\/ld+json\" class=\"yoast-schema-graph\">{\"@context\":\"https:\/\/schema.org\",\"@graph\":[{\"@type\":\"WebPage\",\"@id\":\"https:\/\/iicolumnas.es\/index.php\/politica-de-privacidad\/\",\"url\":\"https:\/\/iicolumnas.es\/index.php\/politica-de-privacidad\/\",\"name\":\"Pol\u00edtica de privacidad - Dos Columnas\",\"isPartOf\":{\"@id\":\"https:\/\/iicolumnas.es\/#website\"},\"datePublished\":\"2018-08-09T09:13:23+00:00\",\"dateModified\":\"2020-07-08T21:43:29+00:00\",\"breadcrumb\":{\"@id\":\"https:\/\/iicolumnas.es\/index.php\/politica-de-privacidad\/#breadcrumb\"},\"inLanguage\":\"es\",\"potentialAction\":[{\"@type\":\"ReadAction\",\"target\":[\"https:\/\/iicolumnas.es\/index.php\/politica-de-privacidad\/\"]}]},{\"@type\":\"BreadcrumbList\",\"@id\":\"https:\/\/iicolumnas.es\/index.php\/politica-de-privacidad\/#breadcrumb\",\"itemListElement\":[{\"@type\":\"ListItem\",\"position\":1,\"name\":\"Portada\",\"item\":\"https:\/\/iicolumnas.es\/\"},{\"@type\":\"ListItem\",\"position\":2,\"name\":\"Pol\u00edtica de privacidad\"}]},{\"@type\":\"WebSite\",\"@id\":\"https:\/\/iicolumnas.es\/#website\",\"url\":\"https:\/\/iicolumnas.es\/\",\"name\":\"Dos Columnas\",\"description\":\"El peri\u00f3dico de la villa de Cantalpino\",\"potentialAction\":[{\"@type\":\"SearchAction\",\"target\":{\"@type\":\"EntryPoint\",\"urlTemplate\":\"https:\/\/iicolumnas.es\/?s={search_term_string}\"},\"query-input\":{\"@type\":\"PropertyValueSpecification\",\"valueRequired\":true,\"valueName\":\"search_term_string\"}}],\"inLanguage\":\"es\"}]}<\/script>\n<!-- \/ Yoast SEO plugin. -->","yoast_head_json":{"title":"Pol\u00edtica de privacidad - Dos Columnas","robots":{"index":"index","follow":"follow","max-snippet":"max-snippet:-1","max-image-preview":"max-image-preview:large","max-video-preview":"max-video-preview:-1"},"canonical":"https:\/\/iicolumnas.es\/index.php\/politica-de-privacidad\/","og_locale":"es_ES","og_type":"article","og_title":"Pol\u00edtica de privacidad - Dos Columnas","og_description":"Qui\u00e9nes somos Somos un equipo de cantalpineses con ganas de aportar nuestro granito de arena a la cultura de nuestro pueblo. La direcci\u00f3n de nuestra web es: https:\/\/iicolumnas.es. Qu\u00e9 datos personales recogemos y por&#46;&#46;&#46;","og_url":"https:\/\/iicolumnas.es\/index.php\/politica-de-privacidad\/","og_site_name":"Dos Columnas","article_publisher":"https:\/\/www.facebook.com\/iicolumnas\/","article_modified_time":"2020-07-08T21:43:29+00:00","twitter_card":"summary_large_image","twitter_site":"@iicolumnas","twitter_misc":{"Tiempo de lectura":"6 minutos"},"schema":{"@context":"https:\/\/schema.org","@graph":[{"@type":"WebPage","@id":"https:\/\/iicolumnas.es\/index.php\/politica-de-privacidad\/","url":"https:\/\/iicolumnas.es\/index.php\/politica-de-privacidad\/","name":"Pol\u00edtica de privacidad - Dos Columnas","isPartOf":{"@id":"https:\/\/iicolumnas.es\/#website"},"datePublished":"2018-08-09T09:13:23+00:00","dateModified":"2020-07-08T21:43:29+00:00","breadcrumb":{"@id":"https:\/\/iicolumnas.es\/index.php\/politica-de-privacidad\/#breadcrumb"},"inLanguage":"es","potentialAction":[{"@type":"ReadAction","target":["https:\/\/iicolumnas.es\/index.php\/politica-de-privacidad\/"]}]},{"@type":"BreadcrumbList","@id":"https:\/\/iicolumnas.es\/index.php\/politica-de-privacidad\/#breadcrumb","itemListElement":[{"@type":"ListItem","position":1,"name":"Portada","item":"https:\/\/iicolumnas.es\/"},{"@type":"ListItem","position":2,"name":"Pol\u00edtica de privacidad"}]},{"@type":"WebSite","@id":"https:\/\/iicolumnas.es\/#website","url":"https:\/\/iicolumnas.es\/","name":"Dos Columnas","description":"El peri\u00f3dico de la villa de Cantalpino","potentialAction":[{"@type":"SearchAction","target":{"@type":"EntryPoint","urlTemplate":"https:\/\/iicolumnas.es\/?s={search_term_string}"},"query-input":{"@type":"PropertyValueSpecification","valueRequired":true,"valueName":"search_term_string"}}],"inLanguage":"es"}]}},"_links":{"self":[{"href":"https:\/\/iicolumnas.es\/index.php\/wp-json\/wp\/v2\/pages\/18364","targetHints":{"allow":["GET"]}}],"collection":[{"href":"https:\/\/iicolumnas.es\/index.php\/wp-json\/wp\/v2\/pages"}],"about":[{"href":"https:\/\/iicolumnas.es\/index.php\/wp-json\/wp\/v2\/types\/page"}],"author":[{"embeddable":true,"href":"https:\/\/iicolumnas.es\/index.php\/wp-json\/wp\/v2\/users\/1"}],"replies":[{"embeddable":true,"href":"https:\/\/iicolumnas.es\/index.php\/wp-json\/wp\/v2\/comments?post=18364"}],"version-history":[{"count":6,"href":"https:\/\/iicolumnas.es\/index.php\/wp-json\/wp\/v2\/pages\/18364\/revisions"}],"predecessor-version":[{"id":18370,"href":"https:\/\/iicolumnas.es\/index.php\/wp-json\/wp\/v2\/pages\/18364\/revisions\/18370"}],"wp:attachment":[{"href":"https:\/\/iicolumnas.es\/index.php\/wp-json\/wp\/v2\/media?parent=18364"}],"curies":[{"name":"wp","href":"https:\/\/api.w.org\/{rel}","templated":true}]}}